{"id":4228,"date":"2024-03-04T15:32:52","date_gmt":"2024-03-04T14:32:52","guid":{"rendered":"https:\/\/100.elektror.com\/powitanie-z-okazji-jubileuszu-ulrich-w-kreher\/"},"modified":"2024-06-28T17:03:04","modified_gmt":"2024-06-28T15:03:04","slug":"powitanie-z-okazji-jubileuszu-ulrich-w-kreher","status":"publish","type":"page","link":"https:\/\/100.elektror.com\/pl\/powitanie-z-okazji-jubileuszu-ulrich-w-kreher\/","title":{"rendered":"Powitanie z okazji jubileuszu Ulrich W. Kreher"},"content":{"rendered":"\t\t<div data-elementor-type=\"wp-page\" data-elementor-id=\"4228\" class=\"elementor elementor-4228 elementor-354\" data-elementor-post-type=\"page\">\n\t\t\t\t<div class=\"elementor-element elementor-element-882b603 e-con-full e-flex e-con e-parent\" data-id=\"882b603\" data-element_type=\"container\" data-settings=\"{&quot;shape_divider_bottom&quot;:&quot;tilt&quot;,&quot;jet_parallax_layout_list&quot;:[],&quot;background_background&quot;:&quot;classic&quot;}\">\n\t\t\t\t<div class=\"elementor-shape elementor-shape-bottom\" data-negative=\"false\">\n\t\t\t<svg xmlns=\"http:\/\/www.w3.org\/2000\/svg\" viewBox=\"0 0 1000 100\" preserveAspectRatio=\"none\">\n\t<path class=\"elementor-shape-fill\" d=\"M0,6V0h1000v100L0,6z\"\/>\n<\/svg>\t\t<\/div>\n\t\t<div class=\"elementor-element elementor-element-81965ab hero-section e-flex e-con-boxed e-con e-child\" data-id=\"81965ab\" data-element_type=\"container\" data-settings=\"{&quot;jet_parallax_layout_list&quot;:[]}\">\n\t\t\t\t\t<div class=\"e-con-inner\">\n\t\t\t\t<div class=\"elementor-element elementor-element-fb47e3e elementor-invisible elementor-widget elementor-widget-heading\" data-id=\"fb47e3e\" data-element_type=\"widget\" data-settings=\"{&quot;motion_fx_motion_fx_scrolling&quot;:&quot;yes&quot;,&quot;motion_fx_translateY_effect&quot;:&quot;yes&quot;,&quot;_animation&quot;:&quot;fadeIn&quot;,&quot;_animation_delay&quot;:0,&quot;motion_fx_translateY_speed&quot;:{&quot;unit&quot;:&quot;px&quot;,&quot;size&quot;:4,&quot;sizes&quot;:[]},&quot;motion_fx_translateY_affectedRange&quot;:{&quot;unit&quot;:&quot;%&quot;,&quot;size&quot;:&quot;&quot;,&quot;sizes&quot;:{&quot;start&quot;:0,&quot;end&quot;:100}},&quot;motion_fx_devices&quot;:[&quot;desktop&quot;,&quot;tablet&quot;,&quot;mobile&quot;]}\" data-widget_type=\"heading.default\">\n\t\t\t\t<div class=\"elementor-widget-container\">\n\t\t\t<h1 class=\"elementor-heading-title elementor-size-default\">100 lat firmy Elektror<\/h1>\t\t<\/div>\n\t\t\t\t<\/div>\n\t\t\t\t\t<\/div>\n\t\t\t\t<\/div>\n\t\t\t\t<\/div>\n\t\t<div class=\"elementor-element elementor-element-d9f5cfb e-flex e-con-boxed e-con e-parent\" data-id=\"d9f5cfb\" data-element_type=\"container\" data-settings=\"{&quot;jet_parallax_layout_list&quot;:[]}\">\n\t\t\t\t\t<div class=\"e-con-inner\">\n\t\t<div class=\"elementor-element elementor-element-61d966f e-con-full e-flex e-con e-child\" data-id=\"61d966f\" data-element_type=\"container\" data-settings=\"{&quot;jet_parallax_layout_list&quot;:[]}\">\n\t\t\t\t<div class=\"elementor-element elementor-element-1bce1bf elementor-widget elementor-widget-image\" data-id=\"1bce1bf\" data-element_type=\"widget\" data-widget_type=\"image.default\">\n\t\t\t\t<div class=\"elementor-widget-container\">\n\t\t\t\t\t\t\t\t\t\t\t\t\t<img fetchpriority=\"high\" decoding=\"async\" width=\"1536\" height=\"1109\" src=\"https:\/\/100.elektror.com\/wp-content\/uploads\/Kreher_13x18_web-1536x1109.jpg\" class=\"attachment-1536x1536 size-1536x1536 wp-image-2386\" alt=\"\" srcset=\"https:\/\/100.elektror.com\/wp-content\/uploads\/Kreher_13x18_web-1536x1109.jpg 1536w, https:\/\/100.elektror.com\/wp-content\/uploads\/Kreher_13x18_web-300x217.jpg 300w, https:\/\/100.elektror.com\/wp-content\/uploads\/Kreher_13x18_web-1024x740.jpg 1024w, https:\/\/100.elektror.com\/wp-content\/uploads\/Kreher_13x18_web-768x555.jpg 768w, https:\/\/100.elektror.com\/wp-content\/uploads\/Kreher_13x18_web.jpg 1800w\" sizes=\"(max-width: 1536px) 100vw, 1536px\" \/>\t\t\t\t\t\t\t\t\t\t\t\t\t<\/div>\n\t\t\t\t<\/div>\n\t\t\t\t<\/div>\n\t\t\t\t\t<\/div>\n\t\t\t\t<\/div>\n\t\t<div class=\"elementor-element elementor-element-3e1e05d e-flex e-con-boxed e-con e-parent\" data-id=\"3e1e05d\" data-element_type=\"container\" data-settings=\"{&quot;jet_parallax_layout_list&quot;:[]}\">\n\t\t\t\t\t<div class=\"e-con-inner\">\n\t\t\t\t<div class=\"elementor-element elementor-element-6458d0b elementor-widget elementor-widget-text-editor\" data-id=\"6458d0b\" data-element_type=\"widget\" data-widget_type=\"text-editor.default\">\n\t\t\t\t<div class=\"elementor-widget-container\">\n\t\t\t\t\t\t\t<p>Drodzy pracownicy firmy Elektror,<\/p>\n<p>Nadszed\u0142 czas na \u015bwi\u0119towanie! Elektror \u015bwi\u0119tuje okr\u0105g\u0142e urodziny: 100 lat! Elektror \u015bwi\u0119tuje prze\u0142omowe urodziny: 100 lat!<\/p>\n<p>W 1924 roku Karl W. M\u00fcller po\u0142o\u017cy\u0142 kamie\u0144 w\u0119gielny pod firm\u0119, kt\u00f3ra w ci\u0105gu dziesi\u0119cioleci sta\u0142a si\u0119 \u015bwiatowym liderem rynku. Karl W. M\u00fcller by\u0142 kim\u015b wi\u0119cej ni\u017c tylko przedsi\u0119biorc\u0105; by\u0142 pionierem, kt\u00f3ry dostrzeg\u0142 znaki czasu i postanowi\u0142 zmieni\u0107 \u015bwiat, najpierw syren, a p\u00f3\u017aniej wentylator\u00f3w.<\/p>\n<p>Jego pasja do technologii i zdolno\u015b\u0107 do spogl\u0105dania poza granice tego, co zwyczajne sprawi\u0142y, \u017ce Elektror jest dzi\u015b tym, czym jest. Jego dziedzictwo nadal charakteryzuje nasz\u0105 kultur\u0119 korporacyjn\u0105, kt\u00f3ra stawia jako\u015b\u0107 i doskona\u0142o\u015b\u0107 w centrum uwagi.<\/p>\n<p>Jako podzi\u0119kowanie dla Was wszystkich, nasz jubileuszowy magazyn jest pe\u0142en historii: Zajrzyj za kulisy firmy Elektror, poznaj Elektror i daj si\u0119 zaskoczy\u0107 rzeczami, o kt\u00f3rych nie wszyscy wiedzieli.<\/p>\n<p>Jednak historia firmy Elektror to nie tylko historia sukcesu technologicznego, ale przede wszystkim historia ludzi &#8211; pocz\u0105wszy od naszych inspiruj\u0105cych klient\u00f3w i zaanga\u017cowanych pracownik\u00f3w po kierownictwo, kt\u00f3re towarzyszy\u0142o firmie w tej wspania\u0142ej podr\u00f3\u017cy. Chcia\u0142bym skorzysta\u0107 z okazji i podzi\u0119kowa\u0107 wszystkim, kt\u00f3rzy przyczynili si\u0119 do tego, \u017ce Elektror jest dzi\u015b tym, czym jest.<\/p>\n<p>\u017bycz\u0119 przyjemnej lektury i kolejnych wspania\u0142ych 100 lat firmy Elektror. Ulrich W. Kreher<\/p>\n<p>Z powa\u017caniem, Ulrich W. Kreher<\/p>\n\t\t\t\t\t\t<\/div>\n\t\t\t\t<\/div>\n\t\t\t\t\t<\/div>\n\t\t\t\t<\/div>\n\t\t<div class=\"elementor-element elementor-element-00989ab e-flex e-con-boxed e-con e-parent\" data-id=\"00989ab\" data-element_type=\"container\" data-settings=\"{&quot;jet_parallax_layout_list&quot;:[]}\">\n\t\t\t\t\t<div class=\"e-con-inner\">\n\t\t\t\t<div class=\"elementor-element elementor-element-fc994bb elementor-widget elementor-widget-spacer\" data-id=\"fc994bb\" data-element_type=\"widget\" data-widget_type=\"spacer.default\">\n\t\t\t\t<div class=\"elementor-widget-container\">\n\t\t\t\t\t<div class=\"elementor-spacer\">\n\t\t\t<div class=\"elementor-spacer-inner\"><\/div>\n\t\t<\/div>\n\t\t\t\t<\/div>\n\t\t\t\t<\/div>\n\t\t\t\t\t<\/div>\n\t\t\t\t<\/div>\n\t\t\t\t<\/div>\n\t\t","protected":false},"excerpt":{"rendered":"<p>100 lat firmy Elektror Drodzy pracownicy firmy Elektror, Nadszed\u0142 czas na \u015bwi\u0119towanie! Elektror \u015bwi\u0119tuje okr\u0105g\u0142e urodziny: 100 lat! Elektror \u015bwi\u0119tuje [&hellip;]<\/p>\n","protected":false},"author":1,"featured_media":0,"parent":0,"menu_order":0,"comment_status":"closed","ping_status":"closed","template":"","meta":{"site-sidebar-layout":"no-sidebar","site-content-layout":"","ast-site-content-layout":"full-width-container","site-content-style":"default","site-sidebar-style":"default","ast-global-header-display":"","ast-banner-title-visibility":"","ast-main-header-display":"","ast-hfb-above-header-display":"","ast-hfb-below-header-display":"","ast-hfb-mobile-header-display":"","site-post-title":"disabled","ast-breadcrumbs-content":"","ast-featured-img":"disabled","footer-sml-layout":"","theme-transparent-header-meta":"","adv-header-id-meta":"","stick-header-meta":"","header-above-stick-meta":"","header-main-stick-meta":"","header-below-stick-meta":"","astra-migrate-meta-layouts":"default","ast-page-background-enabled":"default","ast-page-background-meta":{"desktop":{"background-color":"var(--ast-global-color-4)","background-image":"","background-repeat":"repeat","background-position":"center center","background-size":"auto","background-attachment":"scroll","background-type":"","background-media":"","overlay-type":"","overlay-color":"","overlay-opacity":"","overlay-gradient":""},"tablet":{"background-color":"","background-image":"","background-repeat":"repeat","background-position":"center center","background-size":"auto","background-attachment":"scroll","background-type":"","background-media":"","overlay-type":"","overlay-color":"","overlay-opacity":"","overlay-gradient":""},"mobile":{"background-color":"","background-image":"","background-repeat":"repeat","background-position":"center center","background-size":"auto","background-attachment":"scroll","background-type":"","background-media":"","overlay-type":"","overlay-color":"","overlay-opacity":"","overlay-gradient":""}},"ast-content-background-meta":{"desktop":{"background-color":"var(--ast-global-color-5)","background-image":"","background-repeat":"repeat","background-position":"center center","background-size":"auto","background-attachment":"scroll","background-type":"","background-media":"","overlay-type":"","overlay-color":"","overlay-opacity":"","overlay-gradient":""},"tablet":{"background-color":"var(--ast-global-color-5)","background-image":"","background-repeat":"repeat","background-position":"center center","background-size":"auto","background-attachment":"scroll","background-type":"","background-media":"","overlay-type":"","overlay-color":"","overlay-opacity":"","overlay-gradient":""},"mobile":{"background-color":"var(--ast-global-color-5)","background-image":"","background-repeat":"repeat","background-position":"center center","background-size":"auto","background-attachment":"scroll","background-type":"","background-media":"","overlay-type":"","overlay-color":"","overlay-opacity":"","overlay-gradient":""}},"footnotes":""},"class_list":["post-4228","page","type-page","status-publish","hentry"],"_links":{"self":[{"href":"https:\/\/100.elektror.com\/pl\/wp-json\/wp\/v2\/pages\/4228"}],"collection":[{"href":"https:\/\/100.elektror.com\/pl\/wp-json\/wp\/v2\/pages"}],"about":[{"href":"https:\/\/100.elektror.com\/pl\/wp-json\/wp\/v2\/types\/page"}],"author":[{"embeddable":true,"href":"https:\/\/100.elektror.com\/pl\/wp-json\/wp\/v2\/users\/1"}],"replies":[{"embeddable":true,"href":"https:\/\/100.elektror.com\/pl\/wp-json\/wp\/v2\/comments?post=4228"}],"version-history":[{"count":1,"href":"https:\/\/100.elektror.com\/pl\/wp-json\/wp\/v2\/pages\/4228\/revisions"}],"predecessor-version":[{"id":4237,"href":"https:\/\/100.elektror.com\/pl\/wp-json\/wp\/v2\/pages\/4228\/revisions\/4237"}],"wp:attachment":[{"href":"https:\/\/100.elektror.com\/pl\/wp-json\/wp\/v2\/media?parent=4228"}],"curies":[{"name":"wp","href":"https:\/\/api.w.org\/{rel}","templated":true}]}}